{"id":787,"date":"2025-05-07T21:37:23","date_gmt":"2025-05-07T21:37:23","guid":{"rendered":"https:\/\/menuonline.com.co\/ElRanchoDeJulian\/?page_id=787"},"modified":"2026-02-16T20:27:13","modified_gmt":"2026-02-16T20:27:13","slug":"bandejas-sin-complicaciones","status":"publish","type":"page","link":"https:\/\/menuonline.com.co\/ElRanchoDeJulian\/bandejas-sin-complicaciones\/","title":{"rendered":""},"content":{"rendered":"\t\t<div data-elementor-type=\"wp-page\" data-elementor-id=\"787\" class=\"elementor elementor-787\">\n\t\t\t\t<div class=\"elementor-element elementor-element-f21ca7e e-flex e-con-boxed e-con e-parent\" data-id=\"f21ca7e\" data-element_type=\"container\" data-e-type=\"container\">\n\t\t\t\t\t<div class=\"e-con-inner\">\n\t\t\t\t<div class=\"elementor-element elementor-element-658552c elementor-invisible elementor-widget elementor-widget-image\" data-id=\"658552c\" data-element_type=\"widget\" data-e-type=\"widget\" data-settings=\"{&quot;_animation&quot;:&quot;fadeInDown&quot;}\" data-widget_type=\"image.default\">\n\t\t\t\t<div class=\"elementor-widget-container\">\n\t\t\t\t\t\t\t\t\t\t\t\t\t\t\t<img fetchpriority=\"high\" decoding=\"async\" width=\"1640\" height=\"924\" src=\"https:\/\/menuonline.com.co\/ElRanchoDeJulian\/wp-content\/uploads\/2025\/05\/3013013.png\" class=\"attachment-full size-full wp-image-789\" alt=\"\" srcset=\"https:\/\/menuonline.com.co\/ElRanchoDeJulian\/wp-content\/uploads\/2025\/05\/3013013.png 1640w, https:\/\/menuonline.com.co\/ElRanchoDeJulian\/wp-content\/uploads\/2025\/05\/3013013-500x282.png 500w, https:\/\/menuonline.com.co\/ElRanchoDeJulian\/wp-content\/uploads\/2025\/05\/3013013-1200x675.png 1200w, https:\/\/menuonline.com.co\/ElRanchoDeJulian\/wp-content\/uploads\/2025\/05\/3013013-300x169.png 300w, https:\/\/menuonline.com.co\/ElRanchoDeJulian\/wp-content\/uploads\/2025\/05\/3013013-768x433.png 768w, https:\/\/menuonline.com.co\/ElRanchoDeJulian\/wp-content\/uploads\/2025\/05\/3013013-1536x865.png 1536w, https:\/\/menuonline.com.co\/ElRanchoDeJulian\/wp-content\/uploads\/2025\/05\/3013013-133x75.png 133w, https:\/\/menuonline.com.co\/ElRanchoDeJulian\/wp-content\/uploads\/2025\/05\/3013013-537x303.png 537w\" sizes=\"(max-width:767px) 537px, (max-width:1640px) 100vw, 1640px\" \/>\t\t\t\t\t\t\t\t\t\t\t\t\t\t\t<\/div>\n\t\t\t\t<\/div>\n\t\t\t\t\t<\/div>\n\t\t\t\t<\/div>\n\t\t<div class=\"elementor-element elementor-element-e6b4ece e-flex e-con-boxed e-con e-parent\" data-id=\"e6b4ece\" data-element_type=\"container\" data-e-type=\"container\">\n\t\t\t\t\t<div class=\"e-con-inner\">\n\t\t\t\t<div class=\"elementor-element elementor-element-82ffa53 elementor-invisible elementor-widget elementor-widget-text-editor\" data-id=\"82ffa53\" data-element_type=\"widget\" data-e-type=\"widget\" data-settings=\"{&quot;_animation&quot;:&quot;fadeInLeft&quot;}\" data-widget_type=\"text-editor.default\">\n\t\t\t\t<div class=\"elementor-widget-container\">\n\t\t\t\t\t\t\t\t\t<h3 style=\"text-align: center;\">MOJARRA NEGRA PREMIUM<\/h3><p style=\"text-align: center;\">Acompa\u00f1ado con patac\u00f3n o yuca y ensalada fresca.<\/p><h2 class=\"themecolor\" style=\"text-align: center;\"><strong>$25.000<\/strong><\/h2>\t\t\t\t\t\t\t\t<\/div>\n\t\t\t\t<\/div>\n\t\t\t\t<div class=\"elementor-element elementor-element-5a42a93 elementor-invisible elementor-widget elementor-widget-text-editor\" data-id=\"5a42a93\" data-element_type=\"widget\" data-e-type=\"widget\" data-settings=\"{&quot;_animation&quot;:&quot;fadeInLeft&quot;}\" data-widget_type=\"text-editor.default\">\n\t\t\t\t<div class=\"elementor-widget-container\">\n\t\t\t\t\t\t\t\t\t<h3 style=\"text-align: center;\">MOJARRA ROJA PREMIUM<\/h3><p style=\"text-align: center;\">Acompa\u00f1ado con patac\u00f3n o yuca y ensalada fresca.<\/p><h2 class=\"themecolor\" style=\"text-align: center;\"><strong>$29.000<\/strong><\/h2>\t\t\t\t\t\t\t\t<\/div>\n\t\t\t\t<\/div>\n\t\t\t\t\t<\/div>\n\t\t\t\t<\/div>\n\t\t\t\t<\/div>\n\t\t","protected":false},"excerpt":{"rendered":"<p>MOJARRA NEGRA PREMIUM Acompa\u00f1ado con patac\u00f3n o yuca y ensalada fresca. $25.000 MOJARRA ROJA PREMIUM Acompa\u00f1ado con patac\u00f3n o yuca y ensalada fresca. $29.000<\/p>\n","protected":false},"author":1,"featured_media":97,"parent":0,"menu_order":0,"comment_status":"closed","ping_status":"closed","template":"elementor_header_footer","meta":{"footnotes":""},"class_list":["post-787","page","type-page","status-publish","has-post-thumbnail","hentry"],"_links":{"self":[{"href":"https:\/\/menuonline.com.co\/ElRanchoDeJulian\/wp-json\/wp\/v2\/pages\/787","targetHints":{"allow":["GET"]}}],"collection":[{"href":"https:\/\/menuonline.com.co\/ElRanchoDeJulian\/wp-json\/wp\/v2\/pages"}],"about":[{"href":"https:\/\/menuonline.com.co\/ElRanchoDeJulian\/wp-json\/wp\/v2\/types\/page"}],"author":[{"embeddable":true,"href":"https:\/\/menuonline.com.co\/ElRanchoDeJulian\/wp-json\/wp\/v2\/users\/1"}],"replies":[{"embeddable":true,"href":"https:\/\/menuonline.com.co\/ElRanchoDeJulian\/wp-json\/wp\/v2\/comments?post=787"}],"version-history":[{"count":11,"href":"https:\/\/menuonline.com.co\/ElRanchoDeJulian\/wp-json\/wp\/v2\/pages\/787\/revisions"}],"predecessor-version":[{"id":848,"href":"https:\/\/menuonline.com.co\/ElRanchoDeJulian\/wp-json\/wp\/v2\/pages\/787\/revisions\/848"}],"wp:featuredmedia":[{"embeddable":true,"href":"https:\/\/menuonline.com.co\/ElRanchoDeJulian\/wp-json\/wp\/v2\/media\/97"}],"wp:attachment":[{"href":"https:\/\/menuonline.com.co\/ElRanchoDeJulian\/wp-json\/wp\/v2\/media?parent=787"}],"curies":[{"name":"wp","href":"https:\/\/api.w.org\/{rel}","templated":true}]}}