{"id":579,"date":"2024-10-13T00:34:38","date_gmt":"2024-10-13T00:34:38","guid":{"rendered":"https:\/\/menuonline.com.co\/ElRanchoDeJulian\/?page_id=579"},"modified":"2026-02-16T20:28:58","modified_gmt":"2026-02-16T20:28:58","slug":"especiales","status":"publish","type":"page","link":"https:\/\/menuonline.com.co\/ElRanchoDeJulian\/especiales\/","title":{"rendered":""},"content":{"rendered":"\t\t<div data-elementor-type=\"wp-page\" data-elementor-id=\"579\" class=\"elementor elementor-579\">\n\t\t\t\t<div class=\"elementor-element elementor-element-a650e6c e-flex e-con-boxed e-con e-parent\" data-id=\"a650e6c\" data-element_type=\"container\" data-e-type=\"container\">\n\t\t\t\t\t<div class=\"e-con-inner\">\n\t\t\t\t<div class=\"elementor-element elementor-element-492c6de elementor-invisible elementor-widget elementor-widget-image\" data-id=\"492c6de\" data-element_type=\"widget\" data-e-type=\"widget\" data-settings=\"{&quot;_animation&quot;:&quot;fadeInDown&quot;}\" data-widget_type=\"image.default\">\n\t\t\t\t<div class=\"elementor-widget-container\">\n\t\t\t\t\t\t\t\t\t\t\t\t\t\t\t<img fetchpriority=\"high\" decoding=\"async\" width=\"1640\" height=\"924\" src=\"https:\/\/menuonline.com.co\/ElRanchoDeJulian\/wp-content\/uploads\/2024\/10\/Copia-de-Copia-de-Copia-de-Copia-de-Copia-de-Copia-de-Delicious-Burger-Promotion-Facebook-Cover-6.png\" class=\"attachment-full size-full wp-image-581\" alt=\"\" srcset=\"https:\/\/menuonline.com.co\/ElRanchoDeJulian\/wp-content\/uploads\/2024\/10\/Copia-de-Copia-de-Copia-de-Copia-de-Copia-de-Copia-de-Delicious-Burger-Promotion-Facebook-Cover-6.png 1640w, https:\/\/menuonline.com.co\/ElRanchoDeJulian\/wp-content\/uploads\/2024\/10\/Copia-de-Copia-de-Copia-de-Copia-de-Copia-de-Copia-de-Delicious-Burger-Promotion-Facebook-Cover-6-500x282.png 500w, https:\/\/menuonline.com.co\/ElRanchoDeJulian\/wp-content\/uploads\/2024\/10\/Copia-de-Copia-de-Copia-de-Copia-de-Copia-de-Copia-de-Delicious-Burger-Promotion-Facebook-Cover-6-1200x675.png 1200w, https:\/\/menuonline.com.co\/ElRanchoDeJulian\/wp-content\/uploads\/2024\/10\/Copia-de-Copia-de-Copia-de-Copia-de-Copia-de-Copia-de-Delicious-Burger-Promotion-Facebook-Cover-6-300x169.png 300w, https:\/\/menuonline.com.co\/ElRanchoDeJulian\/wp-content\/uploads\/2024\/10\/Copia-de-Copia-de-Copia-de-Copia-de-Copia-de-Copia-de-Delicious-Burger-Promotion-Facebook-Cover-6-768x433.png 768w, https:\/\/menuonline.com.co\/ElRanchoDeJulian\/wp-content\/uploads\/2024\/10\/Copia-de-Copia-de-Copia-de-Copia-de-Copia-de-Copia-de-Delicious-Burger-Promotion-Facebook-Cover-6-1536x865.png 1536w, https:\/\/menuonline.com.co\/ElRanchoDeJulian\/wp-content\/uploads\/2024\/10\/Copia-de-Copia-de-Copia-de-Copia-de-Copia-de-Copia-de-Delicious-Burger-Promotion-Facebook-Cover-6-133x75.png 133w, https:\/\/menuonline.com.co\/ElRanchoDeJulian\/wp-content\/uploads\/2024\/10\/Copia-de-Copia-de-Copia-de-Copia-de-Copia-de-Copia-de-Delicious-Burger-Promotion-Facebook-Cover-6-537x303.png 537w\" sizes=\"(max-width:767px) 537px, (max-width:1640px) 100vw, 1640px\" \/>\t\t\t\t\t\t\t\t\t\t\t\t\t\t\t<\/div>\n\t\t\t\t<\/div>\n\t\t\t\t\t<\/div>\n\t\t\t\t<\/div>\n\t\t<div class=\"elementor-element elementor-element-d431dd0 e-flex e-con-boxed e-con e-parent\" data-id=\"d431dd0\" data-element_type=\"container\" data-e-type=\"container\">\n\t\t\t\t\t<div class=\"e-con-inner\">\n\t\t\t\t<div class=\"elementor-element elementor-element-5888027 elementor-invisible elementor-widget elementor-widget-text-editor\" data-id=\"5888027\" data-element_type=\"widget\" data-e-type=\"widget\" data-settings=\"{&quot;_animation&quot;:&quot;fadeInLeft&quot;}\" data-widget_type=\"text-editor.default\">\n\t\t\t\t<div class=\"elementor-widget-container\">\n\t\t\t\t\t\t\t\t\t<h3 style=\"text-align: center;\">CAZUELA DEL CAPIT\u00c1N<\/h3><p style=\"text-align: center;\">Disfruta de una selecci\u00f3n variada de frutos del mar: langosta, jaiba, camarones, pulpo, calamar, mejillones y m\u00e1s, con arroz de coco, patacones crujientes y ensalada fresca. Una experiencia culinaria inolvidable.<\/p><h2 class=\"themecolor\" style=\"text-align: center;\"><strong>$86.000<\/strong><\/h2>\t\t\t\t\t\t\t\t<\/div>\n\t\t\t\t<\/div>\n\t\t\t\t<div class=\"elementor-element elementor-element-3003569 elementor-invisible elementor-widget elementor-widget-text-editor\" data-id=\"3003569\" data-element_type=\"widget\" data-e-type=\"widget\" data-settings=\"{&quot;_animation&quot;:&quot;fadeInLeft&quot;}\" data-widget_type=\"text-editor.default\">\n\t\t\t\t<div class=\"elementor-widget-container\">\n\t\t\t\t\t\t\t\t\t<h3 style=\"text-align: center;\">ARROZ DE CAMARON ARC ALMIRANTE PADILLA<\/h3><p style=\"text-align: center;\">Arroz en base de bisque de mariscos, mezclado con camarones salteados con vegetales al wok, jaiba fresca y chips de pl\u00e1tano.<\/p><h2 class=\"themecolor\" style=\"text-align: center;\"><strong>$47.000<\/strong><\/h2>\t\t\t\t\t\t\t\t<\/div>\n\t\t\t\t<\/div>\n\t\t\t\t<div class=\"elementor-element elementor-element-b279334 elementor-invisible elementor-widget elementor-widget-text-editor\" data-id=\"b279334\" data-element_type=\"widget\" data-e-type=\"widget\" data-settings=\"{&quot;_animation&quot;:&quot;fadeInLeft&quot;}\" data-widget_type=\"text-editor.default\">\n\t\t\t\t<div class=\"elementor-widget-container\">\n\t\t\t\t\t\t\t\t\t<h3 style=\"text-align: center;\">ARROZ NAVAL DEL COMANDANTE<\/h3><p style=\"text-align: center;\">Una exquisitez culinaria que combina langosta (250g aprox), pulpo, calamares, caracoles, camar\u00f3nes, jaiba y mejillones, en un arroz selecto cocido al punto perfecto con bisquet de marisco salteado con vegetales.\u00bb<\/p><h2 class=\"themecolor\" style=\"text-align: center;\"><strong>$88.000<\/strong><\/h2>\t\t\t\t\t\t\t\t<\/div>\n\t\t\t\t<\/div>\n\t\t\t\t<div class=\"elementor-element elementor-element-de4ccba elementor-invisible elementor-widget elementor-widget-text-editor\" data-id=\"de4ccba\" data-element_type=\"widget\" data-e-type=\"widget\" data-settings=\"{&quot;_animation&quot;:&quot;fadeInLeft&quot;}\" data-widget_type=\"text-editor.default\">\n\t\t\t\t<div class=\"elementor-widget-container\">\n\t\t\t\t\t\t\t\t\t<h3 style=\"text-align: center;\">LANGOSTA ALMIRANTE<\/h3><p style=\"text-align: center;\">Disfruta de una langosta impresionante de m\u00e1s de 1000 gr, cocinada a la perfecci\u00f3n y acompa\u00f1ada de patacones crujientes o papas, salsa criolla casera, arroz de coco cremoso y ensalada fresca, en una experiencia culinaria majestuosa que fusiona la riqueza del mar con la esencia de la cocina tropical.<\/p><h2 class=\"themecolor\" style=\"text-align: center;\"><strong>$280.000<\/strong><\/h2>\t\t\t\t\t\t\t\t<\/div>\n\t\t\t\t<\/div>\n\t\t\t\t<div class=\"elementor-element elementor-element-1594801 elementor-invisible elementor-widget elementor-widget-text-editor\" data-id=\"1594801\" data-element_type=\"widget\" data-e-type=\"widget\" data-settings=\"{&quot;_animation&quot;:&quot;fadeInLeft&quot;}\" data-widget_type=\"text-editor.default\">\n\t\t\t\t<div class=\"elementor-widget-container\">\n\t\t\t\t\t\t\t\t\t<h3 style=\"text-align: center;\">CARNERO GUISADO EN LECHE DE COCO<\/h3>\n<p style=\"text-align: center;\">Carnero guisado en zumo de coco, con arroz, patacones o yuca y ensalada fresca. Una delicia tropical.<\/p>\n\n<h2 class=\"themecolor\" style=\"text-align: center;\"><strong>$39.000<\/strong><\/h2>\t\t\t\t\t\t\t\t<\/div>\n\t\t\t\t<\/div>\n\t\t\t\t\t<\/div>\n\t\t\t\t<\/div>\n\t\t\t\t<\/div>\n\t\t","protected":false},"excerpt":{"rendered":"<p>CAZUELA DEL CAPIT\u00c1N Disfruta de una selecci\u00f3n variada de frutos del mar: langosta, jaiba, camarones, pulpo, calamar, mejillones y m\u00e1s, con arroz de coco, patacones crujientes<span class=\"excerpt-hellip\"> [\u2026]<\/span><\/p>\n","protected":false},"author":1,"featured_media":97,"parent":0,"menu_order":0,"comment_status":"closed","ping_status":"closed","template":"elementor_header_footer","meta":{"footnotes":""},"class_list":["post-579","page","type-page","status-publish","has-post-thumbnail","hentry"],"_links":{"self":[{"href":"https:\/\/menuonline.com.co\/ElRanchoDeJulian\/wp-json\/wp\/v2\/pages\/579","targetHints":{"allow":["GET"]}}],"collection":[{"href":"https:\/\/menuonline.com.co\/ElRanchoDeJulian\/wp-json\/wp\/v2\/pages"}],"about":[{"href":"https:\/\/menuonline.com.co\/ElRanchoDeJulian\/wp-json\/wp\/v2\/types\/page"}],"author":[{"embeddable":true,"href":"https:\/\/menuonline.com.co\/ElRanchoDeJulian\/wp-json\/wp\/v2\/users\/1"}],"replies":[{"embeddable":true,"href":"https:\/\/menuonline.com.co\/ElRanchoDeJulian\/wp-json\/wp\/v2\/comments?post=579"}],"version-history":[{"count":44,"href":"https:\/\/menuonline.com.co\/ElRanchoDeJulian\/wp-json\/wp\/v2\/pages\/579\/revisions"}],"predecessor-version":[{"id":854,"href":"https:\/\/menuonline.com.co\/ElRanchoDeJulian\/wp-json\/wp\/v2\/pages\/579\/revisions\/854"}],"wp:featuredmedia":[{"embeddable":true,"href":"https:\/\/menuonline.com.co\/ElRanchoDeJulian\/wp-json\/wp\/v2\/media\/97"}],"wp:attachment":[{"href":"https:\/\/menuonline.com.co\/ElRanchoDeJulian\/wp-json\/wp\/v2\/media?parent=579"}],"curies":[{"name":"wp","href":"https:\/\/api.w.org\/{rel}","templated":true}]}}