{"id":264,"date":"2024-03-13T18:54:54","date_gmt":"2024-03-13T18:54:54","guid":{"rendered":"https:\/\/menuonline.com.co\/ElRanchoDeJulian\/?page_id=264"},"modified":"2025-03-25T20:02:51","modified_gmt":"2025-03-25T20:02:51","slug":"parrilla","status":"publish","type":"page","link":"https:\/\/menuonline.com.co\/ElRanchoDeJulian\/parrilla\/","title":{"rendered":""},"content":{"rendered":"\t\t<div data-elementor-type=\"wp-page\" data-elementor-id=\"264\" class=\"elementor elementor-264\">\n\t\t\t\t<div class=\"elementor-element elementor-element-c0de250 e-flex e-con-boxed e-con e-parent\" data-id=\"c0de250\" data-element_type=\"container\" data-e-type=\"container\">\n\t\t\t\t\t<div class=\"e-con-inner\">\n\t\t\t\t<div class=\"elementor-element elementor-element-d9c181b elementor-invisible elementor-widget elementor-widget-image\" data-id=\"d9c181b\" data-element_type=\"widget\" data-e-type=\"widget\" data-settings=\"{&quot;_animation&quot;:&quot;fadeInDown&quot;}\" data-widget_type=\"image.default\">\n\t\t\t\t<div class=\"elementor-widget-container\">\n\t\t\t\t\t\t\t\t\t\t\t\t\t\t\t<img fetchpriority=\"high\" decoding=\"async\" width=\"1640\" height=\"924\" src=\"https:\/\/menuonline.com.co\/ElRanchoDeJulian\/wp-content\/uploads\/2024\/10\/Copia-de-Copia-de-Copia-de-Copia-de-Copia-de-Copia-de-Delicious-Burger-Promotion-Facebook-Cover-3-1.png\" class=\"attachment-full size-full wp-image-524\" alt=\"\" srcset=\"https:\/\/menuonline.com.co\/ElRanchoDeJulian\/wp-content\/uploads\/2024\/10\/Copia-de-Copia-de-Copia-de-Copia-de-Copia-de-Copia-de-Delicious-Burger-Promotion-Facebook-Cover-3-1.png 1640w, https:\/\/menuonline.com.co\/ElRanchoDeJulian\/wp-content\/uploads\/2024\/10\/Copia-de-Copia-de-Copia-de-Copia-de-Copia-de-Copia-de-Delicious-Burger-Promotion-Facebook-Cover-3-1-500x282.png 500w, https:\/\/menuonline.com.co\/ElRanchoDeJulian\/wp-content\/uploads\/2024\/10\/Copia-de-Copia-de-Copia-de-Copia-de-Copia-de-Copia-de-Delicious-Burger-Promotion-Facebook-Cover-3-1-1200x675.png 1200w, https:\/\/menuonline.com.co\/ElRanchoDeJulian\/wp-content\/uploads\/2024\/10\/Copia-de-Copia-de-Copia-de-Copia-de-Copia-de-Copia-de-Delicious-Burger-Promotion-Facebook-Cover-3-1-300x169.png 300w, https:\/\/menuonline.com.co\/ElRanchoDeJulian\/wp-content\/uploads\/2024\/10\/Copia-de-Copia-de-Copia-de-Copia-de-Copia-de-Copia-de-Delicious-Burger-Promotion-Facebook-Cover-3-1-768x433.png 768w, https:\/\/menuonline.com.co\/ElRanchoDeJulian\/wp-content\/uploads\/2024\/10\/Copia-de-Copia-de-Copia-de-Copia-de-Copia-de-Copia-de-Delicious-Burger-Promotion-Facebook-Cover-3-1-1536x865.png 1536w, https:\/\/menuonline.com.co\/ElRanchoDeJulian\/wp-content\/uploads\/2024\/10\/Copia-de-Copia-de-Copia-de-Copia-de-Copia-de-Copia-de-Delicious-Burger-Promotion-Facebook-Cover-3-1-133x75.png 133w, https:\/\/menuonline.com.co\/ElRanchoDeJulian\/wp-content\/uploads\/2024\/10\/Copia-de-Copia-de-Copia-de-Copia-de-Copia-de-Copia-de-Delicious-Burger-Promotion-Facebook-Cover-3-1-537x303.png 537w\" sizes=\"(max-width:767px) 537px, (max-width:1640px) 100vw, 1640px\" \/>\t\t\t\t\t\t\t\t\t\t\t\t\t\t\t<\/div>\n\t\t\t\t<\/div>\n\t\t\t\t\t<\/div>\n\t\t\t\t<\/div>\n\t\t<div class=\"elementor-element elementor-element-7410f13 e-flex e-con-boxed e-con e-parent\" data-id=\"7410f13\" data-element_type=\"container\" data-e-type=\"container\">\n\t\t\t\t\t<div class=\"e-con-inner\">\n\t\t\t\t<div class=\"elementor-element elementor-element-fe89c82 elementor-invisible elementor-widget elementor-widget-text-editor\" data-id=\"fe89c82\" data-element_type=\"widget\" data-e-type=\"widget\" data-settings=\"{&quot;_animation&quot;:&quot;fadeInLeft&quot;}\" data-widget_type=\"text-editor.default\">\n\t\t\t\t<div class=\"elementor-widget-container\">\n\t\t\t\t\t\t\t\t\t<h3 style=\"text-align: center;\">CHURRASCO FUEGO<\/h3>\n<p style=\"text-align: center;\">Lomo ancho tierno, con patacones o papas, ensalada fresca y salsa criolla aut\u00e9ntica. Un cl\u00e1sico de la tradici\u00f3n.<\/p>\n\n<h2 class=\"themecolor\" style=\"text-align: center;\"><strong>$42.000<\/strong><\/h2>\t\t\t\t\t\t\t\t<\/div>\n\t\t\t\t<\/div>\n\t\t\t\t<div class=\"elementor-element elementor-element-8063788 elementor-invisible elementor-widget elementor-widget-text-editor\" data-id=\"8063788\" data-element_type=\"widget\" data-e-type=\"widget\" data-settings=\"{&quot;_animation&quot;:&quot;fadeInLeft&quot;}\" data-widget_type=\"text-editor.default\">\n\t\t\t\t<div class=\"elementor-widget-container\">\n\t\t\t\t\t\t\t\t\t<h3 style=\"text-align: center;\">EL BBQ DE LA COSTILLA DIVINA<\/h3><p style=\"text-align: center;\">Un plato completo y satisfactorio, nuestra Costilla BBQ de 600-800 gramos, ba\u00f1ada en una rica salsa BBQ, guarnici\u00f3n de papas casco o patacones y una ensalada fresca para un toque de frescura.<\/p><h2 class=\"themecolor\" style=\"text-align: center;\"><strong>$65.000<\/strong><\/h2>\t\t\t\t\t\t\t\t<\/div>\n\t\t\t\t<\/div>\n\t\t\t\t<div class=\"elementor-element elementor-element-593c236 elementor-invisible elementor-widget elementor-widget-text-editor\" data-id=\"593c236\" data-element_type=\"widget\" data-e-type=\"widget\" data-settings=\"{&quot;_animation&quot;:&quot;fadeInLeft&quot;}\" data-widget_type=\"text-editor.default\">\n\t\t\t\t<div class=\"elementor-widget-container\">\n\t\t\t\t\t\t\t\t\t<h3 style=\"text-align: center;\">LA GORDA ESPECIAL<\/h3><p style=\"text-align: center;\">Disfruta de nuestra deliciosa GORDA ESPECIAL, un corte selecto de punta gorda de carne, acompa\u00f1ado de guarnici\u00f3n de papas cascos o patacones crujientes, una ensalada fresca y refrescante, y una aut\u00e9ntica salsa criolla que le da el toque perfecto de sabor y tradici\u00f3n.<\/p><h2 class=\"themecolor\" style=\"text-align: center;\"><strong>$45.000<\/strong><\/h2>\t\t\t\t\t\t\t\t<\/div>\n\t\t\t\t<\/div>\n\t\t\t\t<div class=\"elementor-element elementor-element-fb902b4 elementor-invisible elementor-widget elementor-widget-text-editor\" data-id=\"fb902b4\" data-element_type=\"widget\" data-e-type=\"widget\" data-settings=\"{&quot;_animation&quot;:&quot;fadeInLeft&quot;}\" data-widget_type=\"text-editor.default\">\n\t\t\t\t<div class=\"elementor-widget-container\">\n\t\t\t\t\t\t\t\t\t<h3 style=\"text-align: center;\">PECHUGA COSTERA<\/h3><p style=\"text-align: center;\">\u00abDisfruta de nuestra pechuga a la parrilla, acompa\u00f1ada de guarnici\u00f3n de patacones o papas casco y ensalada fresca, un sabor aut\u00e9ntico de la tierra.<\/p><h2 class=\"themecolor\" style=\"text-align: center;\"><strong>$37.000<\/strong><\/h2>\t\t\t\t\t\t\t\t<\/div>\n\t\t\t\t<\/div>\n\t\t\t\t<div class=\"elementor-element elementor-element-173d8d6 elementor-invisible elementor-widget elementor-widget-text-editor\" data-id=\"173d8d6\" data-element_type=\"widget\" data-e-type=\"widget\" data-settings=\"{&quot;_animation&quot;:&quot;fadeInLeft&quot;}\" data-widget_type=\"text-editor.default\">\n\t\t\t\t<div class=\"elementor-widget-container\">\n\t\t\t\t\t\t\t\t\t<h3 style=\"text-align: center;\">CERDO AL FUEGO<\/h3>\n<p style=\"text-align: center;\">\u00abLomo de cerdo asado a la perfecci\u00f3n, con patac\u00f3n o papa casco y ensalada fresca. Un deleite de sabores y texturas.<\/p>\n\n<h2 class=\"themecolor\" style=\"text-align: center;\"><strong>$37.000<\/strong><\/h2>\t\t\t\t\t\t\t\t<\/div>\n\t\t\t\t<\/div>\n\t\t\t\t\t<\/div>\n\t\t\t\t<\/div>\n\t\t<div class=\"elementor-element elementor-element-432116d e-flex e-con-boxed e-con e-parent\" data-id=\"432116d\" data-element_type=\"container\" data-e-type=\"container\">\n\t\t\t\t\t<div class=\"e-con-inner\">\n\t\t\t\t<div class=\"elementor-element elementor-element-51d9d2d elementor-widget elementor-widget-text-editor\" data-id=\"51d9d2d\" data-element_type=\"widget\" data-e-type=\"widget\" data-widget_type=\"text-editor.default\">\n\t\t\t\t<div class=\"elementor-widget-container\">\n\t\t\t\t\t\t\t\t\t<p style=\"text-align: center;\"><span style=\"color: #ff9900;\"><strong><em>\u00abAlgunos platos pueden no estar disponibles. Sujeto a disponibilidad diaria.\u00bb<\/em><\/strong><\/span><\/p>\t\t\t\t\t\t\t\t<\/div>\n\t\t\t\t<\/div>\n\t\t\t\t\t<\/div>\n\t\t\t\t<\/div>\n\t\t\t\t<\/div>\n\t\t","protected":false},"excerpt":{"rendered":"<p>CHURRASCO FUEGO Lomo ancho tierno, con patacones o papas, ensalada fresca y salsa criolla aut\u00e9ntica. Un cl\u00e1sico de la tradici\u00f3n. $42.000 EL BBQ DE LA COSTILLA<span class=\"excerpt-hellip\"> [\u2026]<\/span><\/p>\n","protected":false},"author":1,"featured_media":97,"parent":0,"menu_order":0,"comment_status":"closed","ping_status":"closed","template":"elementor_header_footer","meta":{"footnotes":""},"class_list":["post-264","page","type-page","status-publish","has-post-thumbnail","hentry"],"_links":{"self":[{"href":"https:\/\/menuonline.com.co\/ElRanchoDeJulian\/wp-json\/wp\/v2\/pages\/264","targetHints":{"allow":["GET"]}}],"collection":[{"href":"https:\/\/menuonline.com.co\/ElRanchoDeJulian\/wp-json\/wp\/v2\/pages"}],"about":[{"href":"https:\/\/menuonline.com.co\/ElRanchoDeJulian\/wp-json\/wp\/v2\/types\/page"}],"author":[{"embeddable":true,"href":"https:\/\/menuonline.com.co\/ElRanchoDeJulian\/wp-json\/wp\/v2\/users\/1"}],"replies":[{"embeddable":true,"href":"https:\/\/menuonline.com.co\/ElRanchoDeJulian\/wp-json\/wp\/v2\/comments?post=264"}],"version-history":[{"count":23,"href":"https:\/\/menuonline.com.co\/ElRanchoDeJulian\/wp-json\/wp\/v2\/pages\/264\/revisions"}],"predecessor-version":[{"id":751,"href":"https:\/\/menuonline.com.co\/ElRanchoDeJulian\/wp-json\/wp\/v2\/pages\/264\/revisions\/751"}],"wp:featuredmedia":[{"embeddable":true,"href":"https:\/\/menuonline.com.co\/ElRanchoDeJulian\/wp-json\/wp\/v2\/media\/97"}],"wp:attachment":[{"href":"https:\/\/menuonline.com.co\/ElRanchoDeJulian\/wp-json\/wp\/v2\/media?parent=264"}],"curies":[{"name":"wp","href":"https:\/\/api.w.org\/{rel}","templated":true}]}}