{"id":236,"date":"2024-03-13T17:58:12","date_gmt":"2024-03-13T17:58:12","guid":{"rendered":"https:\/\/menuonline.com.co\/ElRanchoDeJulian\/?page_id=236"},"modified":"2025-03-25T20:13:18","modified_gmt":"2025-03-25T20:13:18","slug":"menu-infantil","status":"publish","type":"page","link":"https:\/\/menuonline.com.co\/ElRanchoDeJulian\/menu-infantil\/","title":{"rendered":""},"content":{"rendered":"\t\t<div data-elementor-type=\"wp-page\" data-elementor-id=\"236\" class=\"elementor elementor-236\">\n\t\t\t\t<div class=\"elementor-element elementor-element-b51277d e-flex e-con-boxed e-con e-parent\" data-id=\"b51277d\" data-element_type=\"container\" data-e-type=\"container\">\n\t\t\t\t\t<div class=\"e-con-inner\">\n\t\t\t\t<div class=\"elementor-element elementor-element-0e05a88 elementor-invisible elementor-widget elementor-widget-image\" data-id=\"0e05a88\" data-element_type=\"widget\" data-e-type=\"widget\" data-settings=\"{&quot;_animation&quot;:&quot;fadeInDown&quot;}\" data-widget_type=\"image.default\">\n\t\t\t\t<div class=\"elementor-widget-container\">\n\t\t\t\t\t\t\t\t\t\t\t\t\t\t\t<img fetchpriority=\"high\" decoding=\"async\" width=\"1640\" height=\"924\" src=\"https:\/\/menuonline.com.co\/ElRanchoDeJulian\/wp-content\/uploads\/2024\/10\/Copia-de-Copia-de-Copia-de-Copia-de-Copia-de-Copia-de-Delicious-Burger-Promotion-Facebook-Cover-3.png\" class=\"attachment-full size-full wp-image-516\" alt=\"\" srcset=\"https:\/\/menuonline.com.co\/ElRanchoDeJulian\/wp-content\/uploads\/2024\/10\/Copia-de-Copia-de-Copia-de-Copia-de-Copia-de-Copia-de-Delicious-Burger-Promotion-Facebook-Cover-3.png 1640w, https:\/\/menuonline.com.co\/ElRanchoDeJulian\/wp-content\/uploads\/2024\/10\/Copia-de-Copia-de-Copia-de-Copia-de-Copia-de-Copia-de-Delicious-Burger-Promotion-Facebook-Cover-3-500x282.png 500w, https:\/\/menuonline.com.co\/ElRanchoDeJulian\/wp-content\/uploads\/2024\/10\/Copia-de-Copia-de-Copia-de-Copia-de-Copia-de-Copia-de-Delicious-Burger-Promotion-Facebook-Cover-3-1200x675.png 1200w, https:\/\/menuonline.com.co\/ElRanchoDeJulian\/wp-content\/uploads\/2024\/10\/Copia-de-Copia-de-Copia-de-Copia-de-Copia-de-Copia-de-Delicious-Burger-Promotion-Facebook-Cover-3-300x169.png 300w, https:\/\/menuonline.com.co\/ElRanchoDeJulian\/wp-content\/uploads\/2024\/10\/Copia-de-Copia-de-Copia-de-Copia-de-Copia-de-Copia-de-Delicious-Burger-Promotion-Facebook-Cover-3-768x433.png 768w, https:\/\/menuonline.com.co\/ElRanchoDeJulian\/wp-content\/uploads\/2024\/10\/Copia-de-Copia-de-Copia-de-Copia-de-Copia-de-Copia-de-Delicious-Burger-Promotion-Facebook-Cover-3-1536x865.png 1536w, https:\/\/menuonline.com.co\/ElRanchoDeJulian\/wp-content\/uploads\/2024\/10\/Copia-de-Copia-de-Copia-de-Copia-de-Copia-de-Copia-de-Delicious-Burger-Promotion-Facebook-Cover-3-133x75.png 133w, https:\/\/menuonline.com.co\/ElRanchoDeJulian\/wp-content\/uploads\/2024\/10\/Copia-de-Copia-de-Copia-de-Copia-de-Copia-de-Copia-de-Delicious-Burger-Promotion-Facebook-Cover-3-537x303.png 537w\" sizes=\"(max-width:767px) 537px, (max-width:1640px) 100vw, 1640px\" \/>\t\t\t\t\t\t\t\t\t\t\t\t\t\t\t<\/div>\n\t\t\t\t<\/div>\n\t\t\t\t\t<\/div>\n\t\t\t\t<\/div>\n\t\t<div class=\"elementor-element elementor-element-fe84d4d e-flex e-con-boxed e-con e-parent\" data-id=\"fe84d4d\" data-element_type=\"container\" data-e-type=\"container\">\n\t\t\t\t\t<div class=\"e-con-inner\">\n\t\t\t\t<div class=\"elementor-element elementor-element-5a2142f elementor-invisible elementor-widget elementor-widget-text-editor\" data-id=\"5a2142f\" data-element_type=\"widget\" data-e-type=\"widget\" data-settings=\"{&quot;_animation&quot;:&quot;fadeInLeft&quot;}\" data-widget_type=\"text-editor.default\">\n\t\t\t\t<div class=\"elementor-widget-container\">\n\t\t\t\t\t\t\t\t\t<h3 style=\"text-align: center;\">MINI RANCHO<\/h3><p style=\"text-align: center;\">\u00abUn delicioso trozo de carne asada, acompa\u00f1ado de papitas crujientes a la francesa, papeleta de tomate, \u00a1Un plato campero para los m\u00e1s peque\u00f1os!\u00bb<\/p><h2 class=\"themecolor\" style=\"text-align: center;\"><strong>$27.000<\/strong><\/h2>\t\t\t\t\t\t\t\t<\/div>\n\t\t\t\t<\/div>\n\t\t\t\t<div class=\"elementor-element elementor-element-dc4f256 elementor-invisible elementor-widget elementor-widget-text-editor\" data-id=\"dc4f256\" data-element_type=\"widget\" data-e-type=\"widget\" data-settings=\"{&quot;_animation&quot;:&quot;fadeInLeft&quot;}\" data-widget_type=\"text-editor.default\">\n\t\t\t\t<div class=\"elementor-widget-container\">\n\t\t\t\t\t\t\t\t\t<h3 style=\"text-align: center;\">PECHUGA PIONERA<\/h3><p style=\"text-align: center;\">\u00abUna deliciosa pechuga asada, acompa\u00f1ada de papitas a la francesa o patacones crujientes, seg\u00fan disponibilidad. Incluye papeleta de tomate. (Pechuga asada de 100g, papitas a la francesa o patacones, papeleta de tomate.<\/p><h2 class=\"themecolor\" style=\"text-align: center;\"><strong>$24.000<\/strong><\/h2>\t\t\t\t\t\t\t\t<\/div>\n\t\t\t\t<\/div>\n\t\t\t\t<div class=\"elementor-element elementor-element-7dce57a elementor-invisible elementor-widget elementor-widget-text-editor\" data-id=\"7dce57a\" data-element_type=\"widget\" data-e-type=\"widget\" data-settings=\"{&quot;_animation&quot;:&quot;fadeInLeft&quot;}\" data-widget_type=\"text-editor.default\">\n\t\t\t\t<div class=\"elementor-widget-container\">\n\t\t\t\t\t\t\t\t\t<h3 style=\"text-align: center;\">PUERQUITO FELIZ<\/h3><p style=\"text-align: center;\">Una deliciosa bondiola a la parrilla, tierna y jugosa, acompa\u00f1ada de papitas a la francesa crujientes y saladas, o patacones dorados y crocantes. Un plato infantil que har\u00e1 sonre\u00edr a los m\u00e1s peque\u00f1os.<\/p><h2 class=\"themecolor\" style=\"text-align: center;\"><strong>$24.000<\/strong><\/h2>\t\t\t\t\t\t\t\t<\/div>\n\t\t\t\t<\/div>\n\t\t\t\t\t<\/div>\n\t\t\t\t<\/div>\n\t\t\t\t<\/div>\n\t\t","protected":false},"excerpt":{"rendered":"<p>MINI RANCHO \u00abUn delicioso trozo de carne asada, acompa\u00f1ado de papitas crujientes a la francesa, papeleta de tomate, \u00a1Un plato campero para los m\u00e1s peque\u00f1os!\u00bb $27.000<span class=\"excerpt-hellip\"> [\u2026]<\/span><\/p>\n","protected":false},"author":1,"featured_media":97,"parent":0,"menu_order":0,"comment_status":"closed","ping_status":"closed","template":"elementor_header_footer","meta":{"footnotes":""},"class_list":["post-236","page","type-page","status-publish","has-post-thumbnail","hentry"],"_links":{"self":[{"href":"https:\/\/menuonline.com.co\/ElRanchoDeJulian\/wp-json\/wp\/v2\/pages\/236","targetHints":{"allow":["GET"]}}],"collection":[{"href":"https:\/\/menuonline.com.co\/ElRanchoDeJulian\/wp-json\/wp\/v2\/pages"}],"about":[{"href":"https:\/\/menuonline.com.co\/ElRanchoDeJulian\/wp-json\/wp\/v2\/types\/page"}],"author":[{"embeddable":true,"href":"https:\/\/menuonline.com.co\/ElRanchoDeJulian\/wp-json\/wp\/v2\/users\/1"}],"replies":[{"embeddable":true,"href":"https:\/\/menuonline.com.co\/ElRanchoDeJulian\/wp-json\/wp\/v2\/comments?post=236"}],"version-history":[{"count":35,"href":"https:\/\/menuonline.com.co\/ElRanchoDeJulian\/wp-json\/wp\/v2\/pages\/236\/revisions"}],"predecessor-version":[{"id":754,"href":"https:\/\/menuonline.com.co\/ElRanchoDeJulian\/wp-json\/wp\/v2\/pages\/236\/revisions\/754"}],"wp:featuredmedia":[{"embeddable":true,"href":"https:\/\/menuonline.com.co\/ElRanchoDeJulian\/wp-json\/wp\/v2\/media\/97"}],"wp:attachment":[{"href":"https:\/\/menuonline.com.co\/ElRanchoDeJulian\/wp-json\/wp\/v2\/media?parent=236"}],"curies":[{"name":"wp","href":"https:\/\/api.w.org\/{rel}","templated":true}]}}